{"id":346,"date":"2014-07-13T20:59:10","date_gmt":"2014-07-13T20:59:10","guid":{"rendered":"http:\/\/www.selimaksu.com\/?page_id=346"},"modified":"2022-04-02T17:59:19","modified_gmt":"2022-04-02T17:59:19","slug":"muzik-orkestrasi","status":"publish","type":"page","link":"http:\/\/www.selimaksu.com\/?page_id=346","title":{"rendered":"M\u00fczik orkestras\u0131"},"content":{"rendered":"<p style=\"color: #777777;\">SAM Orkestras\u0131\u2019n\u0131n \u00f6d\u00fcll\u00fc m\u00fczisyenleri, y\u0131llar\u0131n getirdi\u011fi tecr\u00fcbeleri ve geni\u015f repertuarlar\u0131yla sizlere haf\u0131zalardan silinemeyecek saatler ya\u015fat\u0131yor. Operadan jazz\u2019a, country\u2019den rock\u2019n roll\u2019a, T\u00fcrk\u00e7e nostaljik eserlerden pop\u00fcler m\u00fcziklere kadar d\u00fcnyaca tan\u0131nm\u0131\u015f eserler SAM Orkestras\u0131\u2019n\u0131n profesyonelleriyle sahnelere ta\u015f\u0131n\u0131yor.<\/p>\n<p style=\"color: #777777;\">K\u0131na, ni\u015fan ve d\u00fc\u011f\u00fcn gibi \u00f6zel g\u00fcnlerinizi anlaml\u0131 hale getirecek SAM Orkestras\u0131\u2019n\u0131n ba\u015far\u0131l\u0131 performans\u0131 ile hem sizin hem misafirlerinizin kulaklar\u0131n\u0131n pas\u0131 siliniyor. Diledi\u011finiz yerde, diledi\u011finiz zamanda ve diledi\u011finiz mekanda\u2026 SAM Orkestras\u0131, hayallerinizi ger\u00e7ekle\u015ftiriyor.<\/p>\n\n\t\t<style type=\"text\/css\">\n\t\t\t#gallery-1 {\n\t\t\t\tmargin: auto;\n\t\t\t}\n\t\t\t#gallery-1 .gallery-item {\n\t\t\t\tfloat: left;\n\t\t\t\tmargin-top: 10px;\n\t\t\t\ttext-align: center;\n\t\t\t\twidth: 20%;\n\t\t\t}\n\t\t\t#gallery-1 img {\n\t\t\t\tborder: 2px solid #cfcfcf;\n\t\t\t}\n\t\t\t#gallery-1 .gallery-caption {\n\t\t\t\tmargin-left: 0;\n\t\t\t}\n\t\t\t\/* see gallery_shortcode() in wp-includes\/media.php *\/\n\t\t<\/style>\n\t\t<div id='gallery-1' class='gallery galleryid-346 gallery-columns-5 gallery-size-thumbnail'><dl class='gallery-item'>\n\t\t\t<dt class='gallery-icon landscape'>\n\t\t\t\t<a href='http:\/\/www.selimaksu.com\/wp-content\/uploads\/2014\/07\/0-1024x685.jpg'><img width=\"80\" height=\"80\" src=\"http:\/\/www.selimaksu.com\/wp-content\/uploads\/2014\/07\/0-1024x685-80x80.jpg\" class=\"attachment-thumbnail size-thumbnail\" alt=\"\" loading=\"lazy\" srcset=\"http:\/\/www.selimaksu.com\/wp-content\/uploads\/2014\/07\/0-1024x685-80x80.jpg 80w, http:\/\/www.selimaksu.com\/wp-content\/uploads\/2014\/07\/0-1024x685-36x36.jpg 36w\" sizes=\"(max-width: 80px) 100vw, 80px\" \/><\/a>\n\t\t\t<\/dt><\/dl><dl class='gallery-item'>\n\t\t\t<dt class='gallery-icon landscape'>\n\t\t\t\t<a href='http:\/\/www.selimaksu.com\/wp-content\/uploads\/2014\/07\/1.jpg'><img width=\"80\" height=\"80\" src=\"http:\/\/www.selimaksu.com\/wp-content\/uploads\/2014\/07\/1-80x80.jpg\" class=\"attachment-thumbnail size-thumbnail\" alt=\"\" loading=\"lazy\" srcset=\"http:\/\/www.selimaksu.com\/wp-content\/uploads\/2014\/07\/1-80x80.jpg 80w, http:\/\/www.selimaksu.com\/wp-content\/uploads\/2014\/07\/1-36x36.jpg 36w\" sizes=\"(max-width: 80px) 100vw, 80px\" \/><\/a>\n\t\t\t<\/dt><\/dl><dl class='gallery-item'>\n\t\t\t<dt class='gallery-icon landscape'>\n\t\t\t\t<a href='http:\/\/www.selimaksu.com\/wp-content\/uploads\/2014\/07\/2.jpg'><img width=\"80\" height=\"80\" src=\"http:\/\/www.selimaksu.com\/wp-content\/uploads\/2014\/07\/2-80x80.jpg\" class=\"attachment-thumbnail size-thumbnail\" alt=\"\" loading=\"lazy\" srcset=\"http:\/\/www.selimaksu.com\/wp-content\/uploads\/2014\/07\/2-80x80.jpg 80w, http:\/\/www.selimaksu.com\/wp-content\/uploads\/2014\/07\/2-36x36.jpg 36w\" sizes=\"(max-width: 80px) 100vw, 80px\" \/><\/a>\n\t\t\t<\/dt><\/dl><dl class='gallery-item'>\n\t\t\t<dt class='gallery-icon landscape'>\n\t\t\t\t<a href='http:\/\/www.selimaksu.com\/wp-content\/uploads\/2014\/07\/3.jpg'><img width=\"80\" height=\"80\" src=\"http:\/\/www.selimaksu.com\/wp-content\/uploads\/2014\/07\/3-80x80.jpg\" class=\"attachment-thumbnail size-thumbnail\" alt=\"\" loading=\"lazy\" srcset=\"http:\/\/www.selimaksu.com\/wp-content\/uploads\/2014\/07\/3-80x80.jpg 80w, http:\/\/www.selimaksu.com\/wp-content\/uploads\/2014\/07\/3-36x36.jpg 36w\" sizes=\"(max-width: 80px) 100vw, 80px\" \/><\/a>\n\t\t\t<\/dt><\/dl><dl class='gallery-item'>\n\t\t\t<dt class='gallery-icon landscape'>\n\t\t\t\t<a href='http:\/\/www.selimaksu.com\/wp-content\/uploads\/2014\/07\/4.jpg'><img width=\"80\" height=\"80\" src=\"http:\/\/www.selimaksu.com\/wp-content\/uploads\/2014\/07\/4-80x80.jpg\" class=\"attachment-thumbnail size-thumbnail\" alt=\"\" loading=\"lazy\" srcset=\"http:\/\/www.selimaksu.com\/wp-content\/uploads\/2014\/07\/4-80x80.jpg 80w, http:\/\/www.selimaksu.com\/wp-content\/uploads\/2014\/07\/4-36x36.jpg 36w\" sizes=\"(max-width: 80px) 100vw, 80px\" \/><\/a>\n\t\t\t<\/dt><\/dl><br style=\"clear: both\" \/><dl class='gallery-item'>\n\t\t\t<dt class='gallery-icon landscape'>\n\t\t\t\t<a href='http:\/\/www.selimaksu.com\/wp-content\/uploads\/2014\/07\/07.jpg'><img width=\"80\" height=\"80\" src=\"http:\/\/www.selimaksu.com\/wp-content\/uploads\/2014\/07\/07-80x80.jpg\" class=\"attachment-thumbnail size-thumbnail\" alt=\"\" loading=\"lazy\" srcset=\"http:\/\/www.selimaksu.com\/wp-content\/uploads\/2014\/07\/07-80x80.jpg 80w, http:\/\/www.selimaksu.com\/wp-content\/uploads\/2014\/07\/07-36x36.jpg 36w\" sizes=\"(max-width: 80px) 100vw, 80px\" \/><\/a>\n\t\t\t<\/dt><\/dl><dl class='gallery-item'>\n\t\t\t<dt class='gallery-icon landscape'>\n\t\t\t\t<a href='http:\/\/www.selimaksu.com\/wp-content\/uploads\/2014\/07\/009-e1361397886242.jpg'><img width=\"80\" height=\"80\" src=\"http:\/\/www.selimaksu.com\/wp-content\/uploads\/2014\/07\/009-e1361397886242-80x80.jpg\" class=\"attachment-thumbnail size-thumbnail\" alt=\"\" loading=\"lazy\" srcset=\"http:\/\/www.selimaksu.com\/wp-content\/uploads\/2014\/07\/009-e1361397886242-80x80.jpg 80w, http:\/\/www.selimaksu.com\/wp-content\/uploads\/2014\/07\/009-e1361397886242-36x36.jpg 36w\" sizes=\"(max-width: 80px) 100vw, 80px\" \/><\/a>\n\t\t\t<\/dt><\/dl><dl class='gallery-item'>\n\t\t\t<dt class='gallery-icon landscape'>\n\t\t\t\t<a href='http:\/\/www.selimaksu.com\/wp-content\/uploads\/2014\/07\/011-e1361397859106.jpg'><img width=\"80\" height=\"80\" src=\"http:\/\/www.selimaksu.com\/wp-content\/uploads\/2014\/07\/011-e1361397859106-80x80.jpg\" class=\"attachment-thumbnail size-thumbnail\" alt=\"\" loading=\"lazy\" srcset=\"http:\/\/www.selimaksu.com\/wp-content\/uploads\/2014\/07\/011-e1361397859106-80x80.jpg 80w, http:\/\/www.selimaksu.com\/wp-content\/uploads\/2014\/07\/011-e1361397859106-36x36.jpg 36w\" sizes=\"(max-width: 80px) 100vw, 80px\" \/><\/a>\n\t\t\t<\/dt><\/dl><dl class='gallery-item'>\n\t\t\t<dt class='gallery-icon landscape'>\n\t\t\t\t<a href='http:\/\/www.selimaksu.com\/wp-content\/uploads\/2014\/07\/024-e1361397697741.jpg'><img width=\"80\" height=\"80\" src=\"http:\/\/www.selimaksu.com\/wp-content\/uploads\/2014\/07\/024-e1361397697741-80x80.jpg\" class=\"attachment-thumbnail size-thumbnail\" alt=\"\" loading=\"lazy\" srcset=\"http:\/\/www.selimaksu.com\/wp-content\/uploads\/2014\/07\/024-e1361397697741-80x80.jpg 80w, http:\/\/www.selimaksu.com\/wp-content\/uploads\/2014\/07\/024-e1361397697741-36x36.jpg 36w\" sizes=\"(max-width: 80px) 100vw, 80px\" \/><\/a>\n\t\t\t<\/dt><\/dl><dl class='gallery-item'>\n\t\t\t<dt class='gallery-icon landscape'>\n\t\t\t\t<a href='http:\/\/www.selimaksu.com\/wp-content\/uploads\/2014\/07\/28.jpg'><img width=\"80\" height=\"80\" src=\"http:\/\/www.selimaksu.com\/wp-content\/uploads\/2014\/07\/28-80x80.jpg\" class=\"attachment-thumbnail size-thumbnail\" alt=\"\" loading=\"lazy\" srcset=\"http:\/\/www.selimaksu.com\/wp-content\/uploads\/2014\/07\/28-80x80.jpg 80w, http:\/\/www.selimaksu.com\/wp-content\/uploads\/2014\/07\/28-36x36.jpg 36w\" sizes=\"(max-width: 80px) 100vw, 80px\" \/><\/a>\n\t\t\t<\/dt><\/dl><br style=\"clear: both\" \/><dl class='gallery-item'>\n\t\t\t<dt class='gallery-icon landscape'>\n\t\t\t\t<a href='http:\/\/www.selimaksu.com\/wp-content\/uploads\/2014\/07\/001-e1361397915323-593x204.jpg'><img width=\"80\" height=\"80\" src=\"http:\/\/www.selimaksu.com\/wp-content\/uploads\/2014\/07\/001-e1361397915323-593x204-80x80.jpg\" class=\"attachment-thumbnail size-thumbnail\" alt=\"\" loading=\"lazy\" srcset=\"http:\/\/www.selimaksu.com\/wp-content\/uploads\/2014\/07\/001-e1361397915323-593x204-80x80.jpg 80w, http:\/\/www.selimaksu.com\/wp-content\/uploads\/2014\/07\/001-e1361397915323-593x204-36x36.jpg 36w\" sizes=\"(max-width: 80px) 100vw, 80px\" \/><\/a>\n\t\t\t<\/dt><\/dl><dl class='gallery-item'>\n\t\t\t<dt class='gallery-icon landscape'>\n\t\t\t\t<a href='http:\/\/www.selimaksu.com\/wp-content\/uploads\/2014\/07\/12-930x622.jpg'><img width=\"80\" height=\"80\" src=\"http:\/\/www.selimaksu.com\/wp-content\/uploads\/2014\/07\/12-930x622-80x80.jpg\" class=\"attachment-thumbnail size-thumbnail\" alt=\"\" loading=\"lazy\" srcset=\"http:\/\/www.selimaksu.com\/wp-content\/uploads\/2014\/07\/12-930x622-80x80.jpg 80w, http:\/\/www.selimaksu.com\/wp-content\/uploads\/2014\/07\/12-930x622-36x36.jpg 36w\" sizes=\"(max-width: 80px) 100vw, 80px\" \/><\/a>\n\t\t\t<\/dt><\/dl>\n\t\t\t<br style='clear: both' \/>\n\t\t<\/div>\n\n","protected":false},"excerpt":{"rendered":"<p>SAM Orkestras\u0131\u2019n\u0131n \u00f6d\u00fcll\u00fc m\u00fczisyenleri, y\u0131llar\u0131n getirdi\u011fi tecr\u00fcbeleri ve geni\u015f repertuarlar\u0131yla sizlere haf\u0131zalardan silinemeyecek saatler ya\u015fat\u0131yor. Operadan jazz\u2019a, country\u2019den rock\u2019n roll\u2019a, T\u00fcrk\u00e7e nostaljik eserlerden pop\u00fcler m\u00fcziklere kadar d\u00fcnyaca tan\u0131nm\u0131\u015f eserler SAM Orkestras\u0131\u2019n\u0131n profesyonelleriyle sahnelere ta\u015f\u0131n\u0131yor. K\u0131na, ni\u015fan ve d\u00fc\u011f\u00fcn gibi \u00f6zel g\u00fcnlerinizi anlaml\u0131 hale getirecek SAM Orkestras\u0131\u2019n\u0131n ba\u015far\u0131l\u0131 performans\u0131 ile hem sizin hem misafirlerinizin kulaklar\u0131n\u0131n pas\u0131 [&hellip;]<\/p>\n","protected":false},"author":1,"featured_media":0,"parent":0,"menu_order":0,"comment_status":"closed","ping_status":"open","template":"","meta":[],"_links":{"self":[{"href":"http:\/\/www.selimaksu.com\/index.php?rest_route=\/wp\/v2\/pages\/346"}],"collection":[{"href":"http:\/\/www.selimaksu.com\/index.php?rest_route=\/wp\/v2\/pages"}],"about":[{"href":"http:\/\/www.selimaksu.com\/index.php?rest_route=\/wp\/v2\/types\/page"}],"author":[{"embeddable":true,"href":"http:\/\/www.selimaksu.com\/index.php?rest_route=\/wp\/v2\/users\/1"}],"replies":[{"embeddable":true,"href":"http:\/\/www.selimaksu.com\/index.php?rest_route=%2Fwp%2Fv2%2Fcomments&post=346"}],"version-history":[{"count":1,"href":"http:\/\/www.selimaksu.com\/index.php?rest_route=\/wp\/v2\/pages\/346\/revisions"}],"predecessor-version":[{"id":364,"href":"http:\/\/www.selimaksu.com\/index.php?rest_route=\/wp\/v2\/pages\/346\/revisions\/364"}],"wp:attachment":[{"href":"http:\/\/www.selimaksu.com\/index.php?rest_route=%2Fwp%2Fv2%2Fmedia&parent=346"}],"curies":[{"name":"wp","href":"https:\/\/api.w.org\/{rel}","templated":true}]}}