{"id":347,"date":"2014-07-13T21:01:31","date_gmt":"2014-07-13T21:01:31","guid":{"rendered":"http:\/\/www.selimaksu.com\/?page_id=347"},"modified":"2022-04-02T17:59:23","modified_gmt":"2022-04-02T17:59:23","slug":"ozel-bayi-toplantilari","status":"publish","type":"page","link":"http:\/\/www.selimaksu.com\/?page_id=347","title":{"rendered":"\u00d6zel bayi toplant\u0131lar\u0131"},"content":{"rendered":"<div class=\"stretch_full title_container\" style=\"color: #777777;\">\n<p style=\"color: #777777;\">SAM Orkestras\u0131; bayi toplant\u0131lar\u0131, kurumsal gala geceleri, kokteyl organizasyonlar\u0131 ve lansmanlarda, m\u00fc\u015fterilerine geni\u015f repertuar\u0131 ve sahne performans\u0131 ile kaliteli m\u00fczi\u011fi ve e\u011flenceyi bir arada sunuyor.<\/p>\n<p style=\"color: #777777;\">Toplant\u0131n\u0131n i\u00e7eri\u011fi dikkate al\u0131narak itinayla se\u00e7ilen par\u00e7alar e\u015fli\u011finde, siz ve i\u015f ortaklar\u0131n\u0131z g\u00fcn\u00fcn stresinden uzakla\u015farak y\u00fcksek motivasyonlu ba\u015fka bir g\u00fcne merhaba diyecek. \u0130\u015f verimlili\u011fini artt\u0131ran bu toplant\u0131larda SAM Orkestras\u0131, sizlere mekan s\u00fcsleme ve ses-\u0131\u015f\u0131k ekipmanlar\u0131 ile destek olmaya devam edecek\u2026<\/p>\n<p style=\"color: #777777;\">\n\n\t\t<style type=\"text\/css\">\n\t\t\t#gallery-1 {\n\t\t\t\tmargin: auto;\n\t\t\t}\n\t\t\t#gallery-1 .gallery-item {\n\t\t\t\tfloat: left;\n\t\t\t\tmargin-top: 10px;\n\t\t\t\ttext-align: center;\n\t\t\t\twidth: 20%;\n\t\t\t}\n\t\t\t#gallery-1 img {\n\t\t\t\tborder: 2px solid #cfcfcf;\n\t\t\t}\n\t\t\t#gallery-1 .gallery-caption {\n\t\t\t\tmargin-left: 0;\n\t\t\t}\n\t\t\t\/* see gallery_shortcode() in wp-includes\/media.php *\/\n\t\t<\/style>\n\t\t<div id='gallery-1' class='gallery galleryid-347 gallery-columns-5 gallery-size-thumbnail'><dl class='gallery-item'>\n\t\t\t<dt class='gallery-icon landscape'>\n\t\t\t\t<a href='http:\/\/www.selimaksu.com\/wp-content\/uploads\/2014\/07\/112-1024x768.jpg'><img width=\"80\" height=\"80\" src=\"http:\/\/www.selimaksu.com\/wp-content\/uploads\/2014\/07\/112-1024x768-80x80.jpg\" class=\"attachment-thumbnail size-thumbnail\" alt=\"\" loading=\"lazy\" srcset=\"http:\/\/www.selimaksu.com\/wp-content\/uploads\/2014\/07\/112-1024x768-80x80.jpg 80w, http:\/\/www.selimaksu.com\/wp-content\/uploads\/2014\/07\/112-1024x768-36x36.jpg 36w\" sizes=\"(max-width: 80px) 100vw, 80px\" \/><\/a>\n\t\t\t<\/dt><\/dl><dl class='gallery-item'>\n\t\t\t<dt class='gallery-icon landscape'>\n\t\t\t\t<a href='http:\/\/www.selimaksu.com\/wp-content\/uploads\/2014\/07\/192-600x360.jpg'><img width=\"80\" height=\"80\" src=\"http:\/\/www.selimaksu.com\/wp-content\/uploads\/2014\/07\/192-600x360-80x80.jpg\" class=\"attachment-thumbnail size-thumbnail\" alt=\"\" loading=\"lazy\" srcset=\"http:\/\/www.selimaksu.com\/wp-content\/uploads\/2014\/07\/192-600x360-80x80.jpg 80w, http:\/\/www.selimaksu.com\/wp-content\/uploads\/2014\/07\/192-600x360-36x36.jpg 36w\" sizes=\"(max-width: 80px) 100vw, 80px\" \/><\/a>\n\t\t\t<\/dt><\/dl><dl class='gallery-item'>\n\t\t\t<dt class='gallery-icon landscape'>\n\t\t\t\t<a href='http:\/\/www.selimaksu.com\/wp-content\/uploads\/2014\/07\/09-930x697.jpg'><img width=\"80\" height=\"80\" src=\"http:\/\/www.selimaksu.com\/wp-content\/uploads\/2014\/07\/09-930x697-80x80.jpg\" class=\"attachment-thumbnail size-thumbnail\" alt=\"\" loading=\"lazy\" srcset=\"http:\/\/www.selimaksu.com\/wp-content\/uploads\/2014\/07\/09-930x697-80x80.jpg 80w, http:\/\/www.selimaksu.com\/wp-content\/uploads\/2014\/07\/09-930x697-36x36.jpg 36w\" sizes=\"(max-width: 80px) 100vw, 80px\" \/><\/a>\n\t\t\t<\/dt><\/dl><dl class='gallery-item'>\n\t\t\t<dt class='gallery-icon landscape'>\n\t\t\t\t<a href='http:\/\/www.selimaksu.com\/wp-content\/uploads\/2014\/07\/071.jpg'><img width=\"80\" height=\"80\" src=\"http:\/\/www.selimaksu.com\/wp-content\/uploads\/2014\/07\/071-80x80.jpg\" class=\"attachment-thumbnail size-thumbnail\" alt=\"\" loading=\"lazy\" srcset=\"http:\/\/www.selimaksu.com\/wp-content\/uploads\/2014\/07\/071-80x80.jpg 80w, http:\/\/www.selimaksu.com\/wp-content\/uploads\/2014\/07\/071-36x36.jpg 36w\" sizes=\"(max-width: 80px) 100vw, 80px\" \/><\/a>\n\t\t\t<\/dt><\/dl>\n\t\t\t<br style='clear: both' \/>\n\t\t<\/div>\n\n<\/div>\n","protected":false},"excerpt":{"rendered":"<p>SAM Orkestras\u0131; bayi toplant\u0131lar\u0131, kurumsal gala geceleri, kokteyl organizasyonlar\u0131 ve lansmanlarda, m\u00fc\u015fterilerine geni\u015f repertuar\u0131 ve sahne performans\u0131 ile kaliteli m\u00fczi\u011fi ve e\u011flenceyi bir arada sunuyor. Toplant\u0131n\u0131n i\u00e7eri\u011fi dikkate al\u0131narak itinayla se\u00e7ilen par\u00e7alar e\u015fli\u011finde, siz ve i\u015f ortaklar\u0131n\u0131z g\u00fcn\u00fcn stresinden uzakla\u015farak y\u00fcksek motivasyonlu ba\u015fka bir g\u00fcne merhaba diyecek. \u0130\u015f verimlili\u011fini artt\u0131ran bu toplant\u0131larda SAM Orkestras\u0131, sizlere [&hellip;]<\/p>\n","protected":false},"author":1,"featured_media":0,"parent":0,"menu_order":0,"comment_status":"closed","ping_status":"open","template":"","meta":[],"_links":{"self":[{"href":"http:\/\/www.selimaksu.com\/index.php?rest_route=\/wp\/v2\/pages\/347"}],"collection":[{"href":"http:\/\/www.selimaksu.com\/index.php?rest_route=\/wp\/v2\/pages"}],"about":[{"href":"http:\/\/www.selimaksu.com\/index.php?rest_route=\/wp\/v2\/types\/page"}],"author":[{"embeddable":true,"href":"http:\/\/www.selimaksu.com\/index.php?rest_route=\/wp\/v2\/users\/1"}],"replies":[{"embeddable":true,"href":"http:\/\/www.selimaksu.com\/index.php?rest_route=%2Fwp%2Fv2%2Fcomments&post=347"}],"version-history":[{"count":1,"href":"http:\/\/www.selimaksu.com\/index.php?rest_route=\/wp\/v2\/pages\/347\/revisions"}],"predecessor-version":[{"id":369,"href":"http:\/\/www.selimaksu.com\/index.php?rest_route=\/wp\/v2\/pages\/347\/revisions\/369"}],"wp:attachment":[{"href":"http:\/\/www.selimaksu.com\/index.php?rest_route=%2Fwp%2Fv2%2Fmedia&parent=347"}],"curies":[{"name":"wp","href":"https:\/\/api.w.org\/{rel}","templated":true}]}}