{"id":370,"date":"2014-07-13T21:07:06","date_gmt":"2014-07-13T21:07:06","guid":{"rendered":"http:\/\/www.selimaksu.com\/?page_id=370"},"modified":"2022-04-02T17:59:03","modified_gmt":"2022-04-02T17:59:03","slug":"kisisel-kutlama-organizasyonu","status":"publish","type":"page","link":"http:\/\/www.selimaksu.com\/?page_id=370","title":{"rendered":"Ki\u015fisel kutlama organizasyonu"},"content":{"rendered":"<p style=\"color: #777777;\">SAM Orkestras\u0131; do\u011fum g\u00fcnleri, y\u0131l d\u00f6n\u00fcmleri, sevgililer g\u00fcn\u00fc gibi ki\u015fisel kutlamalarda da yan\u0131n\u0131zda. Gerek sevdi\u011finizle ba\u015f ba\u015fa ge\u00e7irece\u011finiz romantik dakikalarda, gerek kalabal\u0131k bir grup olarak yapt\u0131\u011f\u0131n\u0131z e\u011flenceli etkinliklerde hizmet veren SAM Orkestras\u0131, sizi ve sevdiklerinizi e\u011flenceli bir yolculu\u011fa \u00e7\u0131kar\u0131yor.<\/p>\n<p style=\"color: #777777;\">Seslendirilecek \u015fark\u0131lar g\u00fcn\u00fcn \u00f6nemine g\u00f6re titizlikle se\u00e7ilirken, hat\u0131ralar\u0131 \u00e7ok daha anlaml\u0131 ve unutulmaz hale getiriyor. Bu hizmete ses-\u0131\u015f\u0131k sistemleri ve mekan tasar\u0131m\u0131 da e\u015flik ederek, t\u00fcm ihtiya\u00e7lar\u0131n\u0131z eksiksiz kar\u015f\u0131lan\u0131yor.<\/p>\n<p style=\"color: #777777;\">\n\n\t\t<style type=\"text\/css\">\n\t\t\t#gallery-1 {\n\t\t\t\tmargin: auto;\n\t\t\t}\n\t\t\t#gallery-1 .gallery-item {\n\t\t\t\tfloat: left;\n\t\t\t\tmargin-top: 10px;\n\t\t\t\ttext-align: center;\n\t\t\t\twidth: 20%;\n\t\t\t}\n\t\t\t#gallery-1 img {\n\t\t\t\tborder: 2px solid #cfcfcf;\n\t\t\t}\n\t\t\t#gallery-1 .gallery-caption {\n\t\t\t\tmargin-left: 0;\n\t\t\t}\n\t\t\t\/* see gallery_shortcode() in wp-includes\/media.php *\/\n\t\t<\/style>\n\t\t<div id='gallery-1' class='gallery galleryid-370 gallery-columns-5 gallery-size-thumbnail'><dl class='gallery-item'>\n\t\t\t<dt class='gallery-icon landscape'>\n\t\t\t\t<a href='http:\/\/www.selimaksu.com\/wp-content\/uploads\/2014\/07\/MEHTER-TAKIMI-250x138.jpg'><img width=\"80\" height=\"80\" src=\"http:\/\/www.selimaksu.com\/wp-content\/uploads\/2014\/07\/MEHTER-TAKIMI-250x138-80x80.jpg\" class=\"attachment-thumbnail size-thumbnail\" alt=\"\" loading=\"lazy\" srcset=\"http:\/\/www.selimaksu.com\/wp-content\/uploads\/2014\/07\/MEHTER-TAKIMI-250x138-80x80.jpg 80w, http:\/\/www.selimaksu.com\/wp-content\/uploads\/2014\/07\/MEHTER-TAKIMI-250x138-36x36.jpg 36w\" sizes=\"(max-width: 80px) 100vw, 80px\" \/><\/a>\n\t\t\t<\/dt><\/dl><dl class='gallery-item'>\n\t\t\t<dt class='gallery-icon landscape'>\n\t\t\t\t<a href='http:\/\/www.selimaksu.com\/wp-content\/uploads\/2014\/07\/TAHTA-BACAK.jpg'><img width=\"80\" height=\"80\" src=\"http:\/\/www.selimaksu.com\/wp-content\/uploads\/2014\/07\/TAHTA-BACAK-80x80.jpg\" class=\"attachment-thumbnail size-thumbnail\" alt=\"\" loading=\"lazy\" srcset=\"http:\/\/www.selimaksu.com\/wp-content\/uploads\/2014\/07\/TAHTA-BACAK-80x80.jpg 80w, http:\/\/www.selimaksu.com\/wp-content\/uploads\/2014\/07\/TAHTA-BACAK-36x36.jpg 36w\" sizes=\"(max-width: 80px) 100vw, 80px\" \/><\/a>\n\t\t\t<\/dt><\/dl><dl class='gallery-item'>\n\t\t\t<dt class='gallery-icon landscape'>\n\t\t\t\t<a href='http:\/\/www.selimaksu.com\/wp-content\/uploads\/2014\/07\/16.jpg'><img width=\"80\" height=\"80\" src=\"http:\/\/www.selimaksu.com\/wp-content\/uploads\/2014\/07\/16-80x80.jpg\" class=\"attachment-thumbnail size-thumbnail\" alt=\"\" loading=\"lazy\" srcset=\"http:\/\/www.selimaksu.com\/wp-content\/uploads\/2014\/07\/16-80x80.jpg 80w, http:\/\/www.selimaksu.com\/wp-content\/uploads\/2014\/07\/16-36x36.jpg 36w\" sizes=\"(max-width: 80px) 100vw, 80px\" \/><\/a>\n\t\t\t<\/dt><\/dl><dl class='gallery-item'>\n\t\t\t<dt class='gallery-icon portrait'>\n\t\t\t\t<a href='http:\/\/www.selimaksu.com\/wp-content\/uploads\/2014\/07\/8-MACUN.jpg'><img width=\"80\" height=\"80\" src=\"http:\/\/www.selimaksu.com\/wp-content\/uploads\/2014\/07\/8-MACUN-80x80.jpg\" class=\"attachment-thumbnail size-thumbnail\" alt=\"\" loading=\"lazy\" srcset=\"http:\/\/www.selimaksu.com\/wp-content\/uploads\/2014\/07\/8-MACUN-80x80.jpg 80w, http:\/\/www.selimaksu.com\/wp-content\/uploads\/2014\/07\/8-MACUN-36x36.jpg 36w\" sizes=\"(max-width: 80px) 100vw, 80px\" \/><\/a>\n\t\t\t<\/dt><\/dl><dl class='gallery-item'>\n\t\t\t<dt class='gallery-icon portrait'>\n\t\t\t\t<a href='http:\/\/www.selimaksu.com\/wp-content\/uploads\/2014\/07\/0-MISIR.jpg'><img width=\"80\" height=\"80\" src=\"http:\/\/www.selimaksu.com\/wp-content\/uploads\/2014\/07\/0-MISIR-80x80.jpg\" class=\"attachment-thumbnail size-thumbnail\" alt=\"\" loading=\"lazy\" srcset=\"http:\/\/www.selimaksu.com\/wp-content\/uploads\/2014\/07\/0-MISIR-80x80.jpg 80w, http:\/\/www.selimaksu.com\/wp-content\/uploads\/2014\/07\/0-MISIR-36x36.jpg 36w\" sizes=\"(max-width: 80px) 100vw, 80px\" \/><\/a>\n\t\t\t<\/dt><\/dl><br style=\"clear: both\" \/><dl class='gallery-item'>\n\t\t\t<dt class='gallery-icon landscape'>\n\t\t\t\t<a href='http:\/\/www.selimaksu.com\/wp-content\/uploads\/2014\/07\/11.jpg'><img width=\"80\" height=\"80\" src=\"http:\/\/www.selimaksu.com\/wp-content\/uploads\/2014\/07\/11-80x80.jpg\" class=\"attachment-thumbnail size-thumbnail\" alt=\"\" loading=\"lazy\" srcset=\"http:\/\/www.selimaksu.com\/wp-content\/uploads\/2014\/07\/11-80x80.jpg 80w, http:\/\/www.selimaksu.com\/wp-content\/uploads\/2014\/07\/11-36x36.jpg 36w\" sizes=\"(max-width: 80px) 100vw, 80px\" \/><\/a>\n\t\t\t<\/dt><\/dl><dl class='gallery-item'>\n\t\t\t<dt class='gallery-icon landscape'>\n\t\t\t\t<a href='http:\/\/www.selimaksu.com\/wp-content\/uploads\/2014\/07\/02.jpg'><img width=\"80\" height=\"80\" src=\"http:\/\/www.selimaksu.com\/wp-content\/uploads\/2014\/07\/02-80x80.jpg\" class=\"attachment-thumbnail size-thumbnail\" alt=\"\" loading=\"lazy\" srcset=\"http:\/\/www.selimaksu.com\/wp-content\/uploads\/2014\/07\/02-80x80.jpg 80w, http:\/\/www.selimaksu.com\/wp-content\/uploads\/2014\/07\/02-36x36.jpg 36w\" sizes=\"(max-width: 80px) 100vw, 80px\" \/><\/a>\n\t\t\t<\/dt><\/dl>\n\t\t\t<br style='clear: both' \/>\n\t\t<\/div>\n\n","protected":false},"excerpt":{"rendered":"<p>SAM Orkestras\u0131; do\u011fum g\u00fcnleri, y\u0131l d\u00f6n\u00fcmleri, sevgililer g\u00fcn\u00fc gibi ki\u015fisel kutlamalarda da yan\u0131n\u0131zda. Gerek sevdi\u011finizle ba\u015f ba\u015fa ge\u00e7irece\u011finiz romantik dakikalarda, gerek kalabal\u0131k bir grup olarak yapt\u0131\u011f\u0131n\u0131z e\u011flenceli etkinliklerde hizmet veren SAM Orkestras\u0131, sizi ve sevdiklerinizi e\u011flenceli bir yolculu\u011fa \u00e7\u0131kar\u0131yor. Seslendirilecek \u015fark\u0131lar g\u00fcn\u00fcn \u00f6nemine g\u00f6re titizlikle se\u00e7ilirken, hat\u0131ralar\u0131 \u00e7ok daha anlaml\u0131 ve unutulmaz hale getiriyor. Bu [&hellip;]<\/p>\n","protected":false},"author":1,"featured_media":0,"parent":0,"menu_order":0,"comment_status":"closed","ping_status":"open","template":"","meta":[],"_links":{"self":[{"href":"http:\/\/www.selimaksu.com\/index.php?rest_route=\/wp\/v2\/pages\/370"}],"collection":[{"href":"http:\/\/www.selimaksu.com\/index.php?rest_route=\/wp\/v2\/pages"}],"about":[{"href":"http:\/\/www.selimaksu.com\/index.php?rest_route=\/wp\/v2\/types\/page"}],"author":[{"embeddable":true,"href":"http:\/\/www.selimaksu.com\/index.php?rest_route=\/wp\/v2\/users\/1"}],"replies":[{"embeddable":true,"href":"http:\/\/www.selimaksu.com\/index.php?rest_route=%2Fwp%2Fv2%2Fcomments&post=370"}],"version-history":[{"count":1,"href":"http:\/\/www.selimaksu.com\/index.php?rest_route=\/wp\/v2\/pages\/370\/revisions"}],"predecessor-version":[{"id":383,"href":"http:\/\/www.selimaksu.com\/index.php?rest_route=\/wp\/v2\/pages\/370\/revisions\/383"}],"wp:attachment":[{"href":"http:\/\/www.selimaksu.com\/index.php?rest_route=%2Fwp%2Fv2%2Fmedia&parent=370"}],"curies":[{"name":"wp","href":"https:\/\/api.w.org\/{rel}","templated":true}]}}