{"id":372,"date":"2014-07-13T21:12:29","date_gmt":"2014-07-13T21:12:29","guid":{"rendered":"http:\/\/www.selimaksu.com\/?page_id=372"},"modified":"2022-04-02T17:59:33","modified_gmt":"2022-04-02T17:59:33","slug":"ses-ve-isik-ekipmanlari","status":"publish","type":"page","link":"http:\/\/www.selimaksu.com\/?page_id=372","title":{"rendered":"Ses ve \u0131\u015f\u0131k ekipmanlar\u0131"},"content":{"rendered":"<p style=\"color: #777777;\">Kongreler, toplant\u0131lar, a\u00e7\u0131l\u0131\u015flar, \u00f6zel davetler, mezuniyet ve \u00f6d\u00fcl t\u00f6renleri ile ni\u015fan ve d\u00fc\u011f\u00fcn t\u00f6renlerinde ses ve \u0131\u015f\u0131k sistemi SAM Orkestras\u0131\u2019n\u0131n uzman ekibi taraf\u0131ndan haz\u0131rlan\u0131yor. Ekibimiz a\u00e7\u0131k ve kapal\u0131 alanlar i\u00e7in Truss, Podyum Barkovizyon, Perde, ses ve \u0131\u015f\u0131k sistemlerinde d\u00fcnyan\u0131n en iyi ve kaliteli \u00fcreticilerinin sistemlerini kullanarak m\u00fc\u015fteri memnuniyetini garanti ediyor.<\/p>\n<p style=\"color: #777777;\">Uzman bir kadronun dokunu\u015flar\u0131yla haz\u0131rlanan ses ve \u0131\u015f\u0131\u011f\u0131n m\u00fckemmel uyumu ile \u00f6zel g\u00fcnlerinizde kendinizi b\u00fcy\u00fcl\u00fc bir atmosferin i\u00e7inde bulacaks\u0131n\u0131z.<\/p>\n\n\t\t<style type=\"text\/css\">\n\t\t\t#gallery-1 {\n\t\t\t\tmargin: auto;\n\t\t\t}\n\t\t\t#gallery-1 .gallery-item {\n\t\t\t\tfloat: left;\n\t\t\t\tmargin-top: 10px;\n\t\t\t\ttext-align: center;\n\t\t\t\twidth: 20%;\n\t\t\t}\n\t\t\t#gallery-1 img {\n\t\t\t\tborder: 2px solid #cfcfcf;\n\t\t\t}\n\t\t\t#gallery-1 .gallery-caption {\n\t\t\t\tmargin-left: 0;\n\t\t\t}\n\t\t\t\/* see gallery_shortcode() in wp-includes\/media.php *\/\n\t\t<\/style>\n\t\t<div id='gallery-1' class='gallery galleryid-372 gallery-columns-5 gallery-size-thumbnail'><dl class='gallery-item'>\n\t\t\t<dt class='gallery-icon landscape'>\n\t\t\t\t<a href='http:\/\/www.selimaksu.com\/wp-content\/uploads\/2014\/07\/12.jpg'><img width=\"80\" height=\"80\" src=\"http:\/\/www.selimaksu.com\/wp-content\/uploads\/2014\/07\/12-80x80.jpg\" class=\"attachment-thumbnail size-thumbnail\" alt=\"\" loading=\"lazy\" srcset=\"http:\/\/www.selimaksu.com\/wp-content\/uploads\/2014\/07\/12-80x80.jpg 80w, http:\/\/www.selimaksu.com\/wp-content\/uploads\/2014\/07\/12-36x36.jpg 36w\" sizes=\"(max-width: 80px) 100vw, 80px\" \/><\/a>\n\t\t\t<\/dt><\/dl><dl class='gallery-item'>\n\t\t\t<dt class='gallery-icon landscape'>\n\t\t\t\t<a href='http:\/\/www.selimaksu.com\/wp-content\/uploads\/2014\/07\/21.jpg'><img width=\"80\" height=\"80\" src=\"http:\/\/www.selimaksu.com\/wp-content\/uploads\/2014\/07\/21-80x80.jpg\" class=\"attachment-thumbnail size-thumbnail\" alt=\"\" loading=\"lazy\" srcset=\"http:\/\/www.selimaksu.com\/wp-content\/uploads\/2014\/07\/21-80x80.jpg 80w, http:\/\/www.selimaksu.com\/wp-content\/uploads\/2014\/07\/21-36x36.jpg 36w\" sizes=\"(max-width: 80px) 100vw, 80px\" \/><\/a>\n\t\t\t<\/dt><\/dl><dl class='gallery-item'>\n\t\t\t<dt class='gallery-icon landscape'>\n\t\t\t\t<a href='http:\/\/www.selimaksu.com\/wp-content\/uploads\/2014\/07\/31.jpg'><img width=\"80\" height=\"80\" src=\"http:\/\/www.selimaksu.com\/wp-content\/uploads\/2014\/07\/31-80x80.jpg\" class=\"attachment-thumbnail size-thumbnail\" alt=\"\" loading=\"lazy\" srcset=\"http:\/\/www.selimaksu.com\/wp-content\/uploads\/2014\/07\/31-80x80.jpg 80w, http:\/\/www.selimaksu.com\/wp-content\/uploads\/2014\/07\/31-36x36.jpg 36w\" sizes=\"(max-width: 80px) 100vw, 80px\" \/><\/a>\n\t\t\t<\/dt><\/dl><dl class='gallery-item'>\n\t\t\t<dt class='gallery-icon landscape'>\n\t\t\t\t<a href='http:\/\/www.selimaksu.com\/wp-content\/uploads\/2014\/07\/42.jpg'><img width=\"80\" height=\"80\" src=\"http:\/\/www.selimaksu.com\/wp-content\/uploads\/2014\/07\/42-80x80.jpg\" class=\"attachment-thumbnail size-thumbnail\" alt=\"\" loading=\"lazy\" srcset=\"http:\/\/www.selimaksu.com\/wp-content\/uploads\/2014\/07\/42-80x80.jpg 80w, http:\/\/www.selimaksu.com\/wp-content\/uploads\/2014\/07\/42-36x36.jpg 36w\" sizes=\"(max-width: 80px) 100vw, 80px\" \/><\/a>\n\t\t\t<\/dt><\/dl><dl class='gallery-item'>\n\t\t\t<dt class='gallery-icon landscape'>\n\t\t\t\t<a href='http:\/\/www.selimaksu.com\/wp-content\/uploads\/2014\/07\/5.jpg'><img width=\"80\" height=\"80\" src=\"http:\/\/www.selimaksu.com\/wp-content\/uploads\/2014\/07\/5-80x80.jpg\" class=\"attachment-thumbnail size-thumbnail\" alt=\"\" loading=\"lazy\" srcset=\"http:\/\/www.selimaksu.com\/wp-content\/uploads\/2014\/07\/5-80x80.jpg 80w, http:\/\/www.selimaksu.com\/wp-content\/uploads\/2014\/07\/5-36x36.jpg 36w\" sizes=\"(max-width: 80px) 100vw, 80px\" \/><\/a>\n\t\t\t<\/dt><\/dl><br style=\"clear: both\" \/><dl class='gallery-item'>\n\t\t\t<dt class='gallery-icon landscape'>\n\t\t\t\t<a href='http:\/\/www.selimaksu.com\/wp-content\/uploads\/2014\/07\/6.jpg'><img width=\"80\" height=\"80\" src=\"http:\/\/www.selimaksu.com\/wp-content\/uploads\/2014\/07\/6-80x80.jpg\" class=\"attachment-thumbnail size-thumbnail\" alt=\"\" loading=\"lazy\" srcset=\"http:\/\/www.selimaksu.com\/wp-content\/uploads\/2014\/07\/6-80x80.jpg 80w, http:\/\/www.selimaksu.com\/wp-content\/uploads\/2014\/07\/6-36x36.jpg 36w\" sizes=\"(max-width: 80px) 100vw, 80px\" \/><\/a>\n\t\t\t<\/dt><\/dl><dl class='gallery-item'>\n\t\t\t<dt class='gallery-icon landscape'>\n\t\t\t\t<a href='http:\/\/www.selimaksu.com\/wp-content\/uploads\/2014\/07\/7.jpg'><img width=\"80\" height=\"80\" src=\"http:\/\/www.selimaksu.com\/wp-content\/uploads\/2014\/07\/7-80x80.jpg\" class=\"attachment-thumbnail size-thumbnail\" alt=\"\" loading=\"lazy\" srcset=\"http:\/\/www.selimaksu.com\/wp-content\/uploads\/2014\/07\/7-80x80.jpg 80w, http:\/\/www.selimaksu.com\/wp-content\/uploads\/2014\/07\/7-36x36.jpg 36w\" sizes=\"(max-width: 80px) 100vw, 80px\" \/><\/a>\n\t\t\t<\/dt><\/dl><dl class='gallery-item'>\n\t\t\t<dt class='gallery-icon landscape'>\n\t\t\t\t<a href='http:\/\/www.selimaksu.com\/wp-content\/uploads\/2014\/07\/7-2.jpg'><img width=\"80\" height=\"80\" src=\"http:\/\/www.selimaksu.com\/wp-content\/uploads\/2014\/07\/7-2-80x80.jpg\" class=\"attachment-thumbnail size-thumbnail\" alt=\"\" loading=\"lazy\" srcset=\"http:\/\/www.selimaksu.com\/wp-content\/uploads\/2014\/07\/7-2-80x80.jpg 80w, http:\/\/www.selimaksu.com\/wp-content\/uploads\/2014\/07\/7-2-36x36.jpg 36w\" sizes=\"(max-width: 80px) 100vw, 80px\" \/><\/a>\n\t\t\t<\/dt><\/dl><dl class='gallery-item'>\n\t\t\t<dt class='gallery-icon landscape'>\n\t\t\t\t<a href='http:\/\/www.selimaksu.com\/wp-content\/uploads\/2014\/07\/9.jpg'><img width=\"80\" height=\"80\" src=\"http:\/\/www.selimaksu.com\/wp-content\/uploads\/2014\/07\/9-80x80.jpg\" class=\"attachment-thumbnail size-thumbnail\" alt=\"\" loading=\"lazy\" srcset=\"http:\/\/www.selimaksu.com\/wp-content\/uploads\/2014\/07\/9-80x80.jpg 80w, http:\/\/www.selimaksu.com\/wp-content\/uploads\/2014\/07\/9-36x36.jpg 36w\" sizes=\"(max-width: 80px) 100vw, 80px\" \/><\/a>\n\t\t\t<\/dt><\/dl><dl class='gallery-item'>\n\t\t\t<dt class='gallery-icon landscape'>\n\t\t\t\t<a href='http:\/\/www.selimaksu.com\/wp-content\/uploads\/2014\/07\/999.jpg'><img width=\"80\" height=\"80\" src=\"http:\/\/www.selimaksu.com\/wp-content\/uploads\/2014\/07\/999-80x80.jpg\" class=\"attachment-thumbnail size-thumbnail\" alt=\"\" loading=\"lazy\" srcset=\"http:\/\/www.selimaksu.com\/wp-content\/uploads\/2014\/07\/999-80x80.jpg 80w, http:\/\/www.selimaksu.com\/wp-content\/uploads\/2014\/07\/999-36x36.jpg 36w\" sizes=\"(max-width: 80px) 100vw, 80px\" \/><\/a>\n\t\t\t<\/dt><\/dl><br style=\"clear: both\" \/>\n\t\t<\/div>\n\n","protected":false},"excerpt":{"rendered":"<p>Kongreler, toplant\u0131lar, a\u00e7\u0131l\u0131\u015flar, \u00f6zel davetler, mezuniyet ve \u00f6d\u00fcl t\u00f6renleri ile ni\u015fan ve d\u00fc\u011f\u00fcn t\u00f6renlerinde ses ve \u0131\u015f\u0131k sistemi SAM Orkestras\u0131\u2019n\u0131n uzman ekibi taraf\u0131ndan haz\u0131rlan\u0131yor. Ekibimiz a\u00e7\u0131k ve kapal\u0131 alanlar i\u00e7in Truss, Podyum Barkovizyon, Perde, ses ve \u0131\u015f\u0131k sistemlerinde d\u00fcnyan\u0131n en iyi ve kaliteli \u00fcreticilerinin sistemlerini kullanarak m\u00fc\u015fteri memnuniyetini garanti ediyor. Uzman bir kadronun dokunu\u015flar\u0131yla haz\u0131rlanan [&hellip;]<\/p>\n","protected":false},"author":1,"featured_media":0,"parent":0,"menu_order":0,"comment_status":"closed","ping_status":"open","template":"","meta":[],"_links":{"self":[{"href":"http:\/\/www.selimaksu.com\/index.php?rest_route=\/wp\/v2\/pages\/372"}],"collection":[{"href":"http:\/\/www.selimaksu.com\/index.php?rest_route=\/wp\/v2\/pages"}],"about":[{"href":"http:\/\/www.selimaksu.com\/index.php?rest_route=\/wp\/v2\/types\/page"}],"author":[{"embeddable":true,"href":"http:\/\/www.selimaksu.com\/index.php?rest_route=\/wp\/v2\/users\/1"}],"replies":[{"embeddable":true,"href":"http:\/\/www.selimaksu.com\/index.php?rest_route=%2Fwp%2Fv2%2Fcomments&post=372"}],"version-history":[{"count":1,"href":"http:\/\/www.selimaksu.com\/index.php?rest_route=\/wp\/v2\/pages\/372\/revisions"}],"predecessor-version":[{"id":411,"href":"http:\/\/www.selimaksu.com\/index.php?rest_route=\/wp\/v2\/pages\/372\/revisions\/411"}],"wp:attachment":[{"href":"http:\/\/www.selimaksu.com\/index.php?rest_route=%2Fwp%2Fv2%2Fmedia&parent=372"}],"curies":[{"name":"wp","href":"https:\/\/api.w.org\/{rel}","templated":true}]}}