{"id":413,"date":"2014-07-13T21:27:12","date_gmt":"2014-07-13T21:27:12","guid":{"rendered":"http:\/\/www.selimaksu.com\/?page_id=413"},"modified":"2022-04-02T17:59:07","modified_gmt":"2022-04-02T17:59:07","slug":"kurumsal-referanslar","status":"publish","type":"page","link":"http:\/\/www.selimaksu.com\/?page_id=413","title":{"rendered":"Kurumsal Referanslar"},"content":{"rendered":"<div class=\"one_third first flex_column\" style=\"color: #777777;\">\n<ul style=\"font-weight: inherit; font-style: inherit;\">\n<li style=\"font-weight: inherit; font-style: inherit;\">Aden Otel<\/li>\n<li style=\"font-weight: inherit; font-style: inherit;\">Bebek Otel<\/li>\n<li style=\"font-weight: inherit; font-style: inherit;\">Ceylan \u0130ntercontinental<\/li>\n<li style=\"font-weight: inherit; font-style: inherit;\">Conrad Otel<\/li>\n<li style=\"font-weight: inherit; font-style: inherit;\">Dila Otel<\/li>\n<li style=\"font-weight: inherit; font-style: inherit;\">Divan Kuru\u00e7e\u015fme<\/li>\n<li style=\"font-weight: inherit; font-style: inherit;\">Dedeman Otel<\/li>\n<li style=\"font-weight: inherit; font-style: inherit;\">Divan Otel<\/li>\n<li style=\"font-weight: inherit; font-style: inherit;\">Hal\u0131c\u0131o\u011flu Ko\u00e7 M\u00fczesi<\/li>\n<li style=\"font-weight: inherit; font-style: inherit;\">Hidiv Kasr\u0131<\/li>\n<\/ul>\n<\/div>\n<div class=\"one_third  flex_column\" style=\"color: #777777;\">\n<ul style=\"font-weight: inherit; font-style: inherit;\">\n<li style=\"font-weight: inherit; font-style: inherit;\">Ihlamur Kasr\u0131<\/li>\n<li style=\"font-weight: inherit; font-style: inherit;\">\u0130stanbul Tenis Kulub\u00fc<\/li>\n<li style=\"font-weight: inherit; font-style: inherit;\">\u0130stanbul \u00dcniv. Sosyal Tesisleri<\/li>\n<li style=\"font-weight: inherit; font-style: inherit;\">Marmara Yelken K\u00fcl\u00fcb\u00fc<\/li>\n<li style=\"font-weight: inherit; font-style: inherit;\">MEL\u2019 S Restaurant Bar<\/li>\n<li style=\"font-weight: inherit; font-style: inherit;\">Paysage Restaurant<\/li>\n<li style=\"font-weight: inherit; font-style: inherit;\">Richmond Otel<\/li>\n<li style=\"font-weight: inherit; font-style: inherit;\">Ramada Otel<\/li>\n<li style=\"font-weight: inherit; font-style: inherit;\">Park \u015eamdan<\/li>\n<li style=\"font-weight: inherit; font-style: inherit;\">Swiss Otel<\/li>\n<li style=\"font-weight: inherit; font-style: inherit;\">T.S.Y.D. Kul\u00fcb\u00fc<\/li>\n<\/ul>\n<\/div>\n<div class=\"one_third  flex_column\" style=\"color: #777777;\">\n<ul style=\"font-weight: inherit; font-style: inherit;\">\n<li style=\"font-weight: inherit; font-style: inherit;\">T\u00dcYAP Fuar\u0131 05 (Emitt)<\/li>\n<li style=\"font-weight: inherit; font-style: inherit;\">Feriye Lokantas\u0131<\/li>\n<li style=\"font-weight: inherit; font-style: inherit;\">The Green Park \u2013 Pendik<\/li>\n<li style=\"font-weight: inherit; font-style: inherit;\">Divan \u2013 Asia<\/li>\n<li style=\"font-weight: inherit; font-style: inherit;\">Adile Sultan Saray\u0131<\/li>\n<li style=\"font-weight: inherit; font-style: inherit;\">Hilton Oteli<\/li>\n<li style=\"font-weight: inherit; font-style: inherit;\">B\u00fcy\u00fck S\u00fcrmeli Oteli Shareton \u2013 Maslak<\/li>\n<li style=\"font-weight: inherit; font-style: inherit;\">Portaxe<\/li>\n<li style=\"font-weight: inherit; font-style: inherit;\">The Green Park , Taksim \u2013 Kartepe \u2013 Merter<\/li>\n<\/ul>\n<\/div>\n","protected":false},"excerpt":{"rendered":"<p>Aden Otel Bebek Otel Ceylan \u0130ntercontinental Conrad Otel Dila Otel Divan Kuru\u00e7e\u015fme Dedeman Otel Divan Otel Hal\u0131c\u0131o\u011flu Ko\u00e7 M\u00fczesi Hidiv Kasr\u0131 Ihlamur Kasr\u0131 \u0130stanbul Tenis Kulub\u00fc \u0130stanbul \u00dcniv. Sosyal Tesisleri Marmara Yelken K\u00fcl\u00fcb\u00fc MEL\u2019 S Restaurant Bar Paysage Restaurant Richmond Otel Ramada Otel Park \u015eamdan Swiss Otel T.S.Y.D. Kul\u00fcb\u00fc T\u00dcYAP Fuar\u0131 05 (Emitt) Feriye Lokantas\u0131 [&hellip;]<\/p>\n","protected":false},"author":1,"featured_media":0,"parent":0,"menu_order":0,"comment_status":"closed","ping_status":"open","template":"","meta":[],"_links":{"self":[{"href":"http:\/\/www.selimaksu.com\/index.php?rest_route=\/wp\/v2\/pages\/413"}],"collection":[{"href":"http:\/\/www.selimaksu.com\/index.php?rest_route=\/wp\/v2\/pages"}],"about":[{"href":"http:\/\/www.selimaksu.com\/index.php?rest_route=\/wp\/v2\/types\/page"}],"author":[{"embeddable":true,"href":"http:\/\/www.selimaksu.com\/index.php?rest_route=\/wp\/v2\/users\/1"}],"replies":[{"embeddable":true,"href":"http:\/\/www.selimaksu.com\/index.php?rest_route=%2Fwp%2Fv2%2Fcomments&post=413"}],"version-history":[{"count":1,"href":"http:\/\/www.selimaksu.com\/index.php?rest_route=\/wp\/v2\/pages\/413\/revisions"}],"predecessor-version":[{"id":417,"href":"http:\/\/www.selimaksu.com\/index.php?rest_route=\/wp\/v2\/pages\/413\/revisions\/417"}],"wp:attachment":[{"href":"http:\/\/www.selimaksu.com\/index.php?rest_route=%2Fwp%2Fv2%2Fmedia&parent=413"}],"curies":[{"name":"wp","href":"https:\/\/api.w.org\/{rel}","templated":true}]}}