{"id":415,"date":"2014-07-13T21:38:51","date_gmt":"2014-07-13T21:38:51","guid":{"rendered":"http:\/\/www.selimaksu.com\/?page_id=415"},"modified":"2022-04-02T17:58:59","modified_gmt":"2022-04-02T17:58:59","slug":"iletisim","status":"publish","type":"page","link":"http:\/\/www.selimaksu.com\/?page_id=415","title":{"rendered":"\u0130leti\u015fim"},"content":{"rendered":"<p>SAM ORKESTRASI &amp; SAM M\u00dcZ\u0130K ORGAN\u0130ZASYON &amp; SAM SES &amp; SAM I\u015eIK S\u0130STEMLER\u0130<\/p>\n<p>Eski Ba\u011fdat Cad. \u00c7aml\u0131k Sok.\u00c7am Apt. No ; 13\/ D K\u00fc\u00e7\u00fckyal\u0131 \u2013 \u0130stanbul<\/p>\n<p><a title=\"sa@selimaksu.com \" href=\"mailto:sa@selimaksu.com\">sa@selimaksu.com&nbsp;<\/a><\/p>\n<p>Tel&nbsp; ;&nbsp;&nbsp; 0216 414 41 21 &nbsp; &nbsp; &nbsp; &nbsp; \/&nbsp; &nbsp; &nbsp; &nbsp;Cep&nbsp; ;&nbsp;&nbsp; 0532 272 99 34<\/p>\n<p>Fax&nbsp; ; 0216 518 33 25<\/p>\n","protected":false},"excerpt":{"rendered":"<p>SAM ORKESTRASI &amp; SAM M\u00dcZ\u0130K ORGAN\u0130ZASYON &amp; SAM SES &amp; SAM I\u015eIK S\u0130STEMLER\u0130 Eski Ba\u011fdat Cad. \u00c7aml\u0131k Sok.\u00c7am Apt. No ; 13\/ D K\u00fc\u00e7\u00fckyal\u0131 \u2013 \u0130stanbul sa@selimaksu.com&nbsp; Tel&nbsp; ;&nbsp;&nbsp; 0216 414 41 21 &nbsp; &nbsp; &nbsp; &nbsp; \/&nbsp; &nbsp; &nbsp; &nbsp;Cep&nbsp; ;&nbsp;&nbsp; 0532 272 99 34 Fax&nbsp; ; 0216 518 33 25<\/p>\n","protected":false},"author":1,"featured_media":470,"parent":0,"menu_order":0,"comment_status":"closed","ping_status":"open","template":"","meta":[],"_links":{"self":[{"href":"http:\/\/www.selimaksu.com\/index.php?rest_route=\/wp\/v2\/pages\/415"}],"collection":[{"href":"http:\/\/www.selimaksu.com\/index.php?rest_route=\/wp\/v2\/pages"}],"about":[{"href":"http:\/\/www.selimaksu.com\/index.php?rest_route=\/wp\/v2\/types\/page"}],"author":[{"embeddable":true,"href":"http:\/\/www.selimaksu.com\/index.php?rest_route=\/wp\/v2\/users\/1"}],"replies":[{"embeddable":true,"href":"http:\/\/www.selimaksu.com\/index.php?rest_route=%2Fwp%2Fv2%2Fcomments&post=415"}],"version-history":[{"count":5,"href":"http:\/\/www.selimaksu.com\/index.php?rest_route=\/wp\/v2\/pages\/415\/revisions"}],"predecessor-version":[{"id":647,"href":"http:\/\/www.selimaksu.com\/index.php?rest_route=\/wp\/v2\/pages\/415\/revisions\/647"}],"wp:featuredmedia":[{"embeddable":true,"href":"http:\/\/www.selimaksu.com\/index.php?rest_route=\/wp\/v2\/media\/470"}],"wp:attachment":[{"href":"http:\/\/www.selimaksu.com\/index.php?rest_route=%2Fwp%2Fv2%2Fmedia&parent=415"}],"curies":[{"name":"wp","href":"https:\/\/api.w.org\/{rel}","templated":true}]}}