{"id":577,"date":"2015-05-29T20:11:31","date_gmt":"2015-05-29T20:11:31","guid":{"rendered":"http:\/\/www.selimaksu.com\/?page_id=577"},"modified":"2015-05-29T20:11:51","modified_gmt":"2015-05-29T20:11:51","slug":"muzik","status":"publish","type":"page","link":"http:\/\/www.selimaksu.com\/?page_id=577","title":{"rendered":"M\u00fczik"},"content":{"rendered":"<p><script>\n\t\tjQuery(function() {\n\t\t\tjQuery(\"#lbg_audio2_html5_1\").audio2_html5({\n\t\t\t\tskin:\"whiteControllers\",\n\t\t\t\tplayerWidth:500,\n\t\t\t\tresponsive:false,\n\t\t\t\tinitialVolume:1,\n\t\t\t\tautoPlay:true,\n\t\t\t\tloop:true,\n\t\t\t\tshuffle:false,\n\t\t\t\tplayerBg:\"#000000\",\n\t\t\t\tbufferEmptyColor:\"#929292\",\n\t\t\t\tbufferFullColor:\"#454545\",\n\t\t\t\tseekbarColor:\"#FFFFFF\",\n\t\t\t\tvolumeOffColor:\"#454545\",\n\t\t\t\tvolumeOnColor:\"#FFFFFF\",\n\t\t\t\ttimerColor:\"#FFFFFF\",\n\t\t\t\tsongTitleColor:\"#a6a6a6\",\n\t\t\t\tsongAuthorColor:\"#FFFFFF\",\n\t\t\t\tbordersDivColor:\"#333333\",\n\t\t\t\tgoogleTrakingOn:false,\n\t\t\t\tgoogleTrakingCode:\"\",\n\t\t\t\tshowRewindBut:true,\n\t\t\t\tshowShuffleBut:true,\n\t\t\t\tshowDownloadBut:true,\n\t\t\t\tshowFacebookBut:true,\n\t\t\t\tfacebookAppID:\"\",\n\t\t\t\tfacebookShareTitle:\"Selim Aksu\",\n\t\t\t\tfacebookShareDescription:\"Selim Aksu Orkestras\u0131 canl\u0131 Performanslar\u0131\",\n\t\t\t\tshowTwitterBut:true,\n\t\t\t\tshowAuthor:true,\n\t\t\t\tshowTitle:true,\t\t\t\t\n\t\t\t\tshowPlaylistBut:true,\n\t\t\t\tshowPlaylist:true,\t\t\t\t\n\t\t\t\tshowPlaylistOnInit:true,\t\t\t\t\n\t\t\t\tplaylistTopPos:2,\t\t\t\t\n\t\t\t\tplaylistBgColor:\"#000000\",\n\t\t\t\tplaylistRecordBgOffColor:\"#000000\",\n\t\t\t\tplaylistRecordBgOnColor:\"#333333\",\n\t\t\t\tplaylistRecordBottomBorderOffColor:\"#333333\",\n\t\t\t\tplaylistRecordBottomBorderOnColor:\"#FFFFFF\",\n\t\t\t\tplaylistRecordTextOffColor:\"#777777\",\n\t\t\t\tplaylistRecordTextOnColor:\"#FFFFFF\",\t\t\t\t\n\t\t\t\tcategoryRecordBgOffColor:\"#191919\",\n\t\t\t\tcategoryRecordBgOnColor:\"#252525\",\n\t\t\t\tcategoryRecordBottomBorderOffColor:\"#2f2f2f\",\n\t\t\t\tcategoryRecordBottomBorderOnColor:\"#2f2f2f\",\n\t\t\t\tcategoryRecordTextOffColor:\"#4c4c4c\",\n\t\t\t\tcategoryRecordTextOnColor:\"#00b4f9\",\t\t\t\t\n\t\t\t\tnumberOfThumbsPerScreen:5,\n\t\t\t\tplaylistPadding:18,\t\n\t\t\t\tshowCategories:true,\n\t\t\t\tfirstCateg:\"ALL CATEGORIES\",\n\t\t\t\tselectedCategBg:\"#333333\",\n\t\t\t\tselectedCategOffColor:\"#FFFFFF\",\n\t\t\t\tselectedCategOnColor:\"#00b4f9\",\n\t\t\t\tselectedCategMarginBottom:12,\n\t\t\t\tshowSearchArea:true,\t\t\t\t\n\t\t\t\tsearchAreaBg:\"#333333\",\n\t\t\t\tsearchInputText:\"search...\",\n\t\t\t\tsearchInputBg:\"#ffffff\",\n\t\t\t\tsearchInputBorderColor:\"#333333\",\n\t\t\t    searchInputTextColor:\"#333333\",\t\t\t\t\n\t\t\t\tshowPlaylistNumber:true,\n\t\t\t\tpathToDownloadFile:\"http:\/\/www.selimaksu.com\/wp-content\/plugins\/lbg-audio2-html5\/audio2_html5\/\",\n\t\t\t\tisSliderInitialized:false,\n\t\t\t\tisProgressInitialized:false\t\t\n\t\t\t});\n\t\t});\n\t<\/script>\t\n    <div style=\"height:441px;\"><div class=\"audio2_html5\">\n            <audio id=\"lbg_audio2_html5_1\" preload=\"metadata\">\n                  <div class=\"xaudioplaylist\"><ul>\n                \t<li class=\"xtitle\">Hound Dog<\/li>\n                    <li class=\"xauthor\">Selim Aksu<\/li>\n\t\t\t\t\t<li class=\"ximage\">http:\/\/www.selimaksu.com\/wp-content\/uploads\/2015\/05\/25-HOUND-DOG.mp3<\/li>\n\t\t\t\t\t<li class=\"xcategory\">ALL CATEGORIES<\/li>\n                    <li class=\"xsources_mp3\">http:\/\/www.selimaksu.com\/wp-content\/uploads\/2015\/05\/25-HOUND-DOG.mp3<\/li>\n                    <li class=\"xsources_ogg\">http:\/\/www.selimaksu.com\/wp-content\/uploads\/2015\/05\/25-HOUND-DOG.mp3<\/li>\n                <\/ul><ul>\n                \t<li class=\"xtitle\">Ne Na Na<\/li>\n                    <li class=\"xauthor\">Selim Aksu<\/li>\n\t\t\t\t\t<li class=\"ximage\">http:\/\/www.selimaksu.com\/wp-content\/uploads\/2015\/05\/24-NE-NA-NA.mp3<\/li>\n\t\t\t\t\t<li class=\"xcategory\">ALL CATEGORIES<\/li>\n                    <li class=\"xsources_mp3\">http:\/\/www.selimaksu.com\/wp-content\/uploads\/2015\/05\/24-NE-NA-NA.mp3<\/li>\n                    <li class=\"xsources_ogg\">http:\/\/www.selimaksu.com\/wp-content\/uploads\/2015\/05\/24-NE-NA-NA.mp3<\/li>\n                <\/ul><ul>\n                \t<li class=\"xtitle\">Cant Take My Eyes<\/li>\n                    <li class=\"xauthor\">Selim Aksu<\/li>\n\t\t\t\t\t<li class=\"ximage\">http:\/\/www.selimaksu.com\/wp-content\/uploads\/2015\/05\/23-CANT-TAKE-MY-EYES.mp3<\/li>\n\t\t\t\t\t<li class=\"xcategory\">ALL CATEGORIES<\/li>\n                    <li class=\"xsources_mp3\">http:\/\/www.selimaksu.com\/wp-content\/uploads\/2015\/05\/23-CANT-TAKE-MY-EYES.mp3<\/li>\n                    <li class=\"xsources_ogg\">http:\/\/www.selimaksu.com\/wp-content\/uploads\/2015\/05\/23-CANT-TAKE-MY-EYES.mp3<\/li>\n                <\/ul><ul>\n                \t<li class=\"xtitle\">Sorry Seems<\/li>\n                    <li class=\"xauthor\">Selim Aksu<\/li>\n\t\t\t\t\t<li class=\"ximage\">http:\/\/www.selimaksu.com\/wp-content\/uploads\/2015\/05\/22-SORRY-SEEMS.mp3<\/li>\n\t\t\t\t\t<li class=\"xcategory\">ALL CATEGORIES<\/li>\n                    <li class=\"xsources_mp3\">http:\/\/www.selimaksu.com\/wp-content\/uploads\/2015\/05\/22-SORRY-SEEMS.mp3<\/li>\n                    <li class=\"xsources_ogg\">http:\/\/www.selimaksu.com\/wp-content\/uploads\/2015\/05\/22-SORRY-SEEMS.mp3<\/li>\n                <\/ul><ul>\n                \t<li class=\"xtitle\">Funicila<\/li>\n                    <li class=\"xauthor\">Selim Aksu<\/li>\n\t\t\t\t\t<li class=\"ximage\">http:\/\/www.selimaksu.com\/wp-content\/uploads\/2015\/05\/21-F\u0130NUC\u0130LA.mp3<\/li>\n\t\t\t\t\t<li class=\"xcategory\">ALL CATEGORIES<\/li>\n                    <li class=\"xsources_mp3\">http:\/\/www.selimaksu.com\/wp-content\/uploads\/2015\/05\/21-F\u0130NUC\u0130LA.mp3<\/li>\n                    <li class=\"xsources_ogg\">http:\/\/www.selimaksu.com\/wp-content\/uploads\/2015\/05\/21-F\u0130NUC\u0130LA.mp3<\/li>\n                <\/ul><ul>\n                \t<li class=\"xtitle\">Lilly<\/li>\n                    <li class=\"xauthor\">Selim Aksu<\/li>\n\t\t\t\t\t<li class=\"ximage\">http:\/\/www.selimaksu.com\/wp-content\/uploads\/2015\/05\/20-L\u0130LLY.mp3<\/li>\n\t\t\t\t\t<li class=\"xcategory\">ALL CATEGORIES<\/li>\n                    <li class=\"xsources_mp3\">http:\/\/www.selimaksu.com\/wp-content\/uploads\/2015\/05\/20-L\u0130LLY.mp3<\/li>\n                    <li class=\"xsources_ogg\">http:\/\/www.selimaksu.com\/wp-content\/uploads\/2015\/05\/20-L\u0130LLY.mp3<\/li>\n                <\/ul><ul>\n                \t<li class=\"xtitle\">Sway<\/li>\n                    <li class=\"xauthor\">Selim Aksu<\/li>\n\t\t\t\t\t<li class=\"ximage\">http:\/\/www.selimaksu.com\/wp-content\/uploads\/2015\/05\/18-SWAY.mp3<\/li>\n\t\t\t\t\t<li class=\"xcategory\">ALL CATEGORIES<\/li>\n                    <li class=\"xsources_mp3\">http:\/\/www.selimaksu.com\/wp-content\/uploads\/2015\/05\/18-SWAY.mp3<\/li>\n                    <li class=\"xsources_ogg\">http:\/\/www.selimaksu.com\/wp-content\/uploads\/2015\/05\/18-SWAY.mp3<\/li>\n                <\/ul><ul>\n                \t<li class=\"xtitle\">All My Life<\/li>\n                    <li class=\"xauthor\">Selim Aksu<\/li>\n\t\t\t\t\t<li class=\"ximage\">http:\/\/www.selimaksu.com\/wp-content\/uploads\/2015\/05\/15-ALL-MY-L\u0130FE.mp3<\/li>\n\t\t\t\t\t<li class=\"xcategory\">ALL CATEGORIES<\/li>\n                    <li class=\"xsources_mp3\">http:\/\/www.selimaksu.com\/wp-content\/uploads\/2015\/05\/15-ALL-MY-L\u0130FE.mp3<\/li>\n                    <li class=\"xsources_ogg\">http:\/\/www.selimaksu.com\/wp-content\/uploads\/2015\/05\/15-ALL-MY-L\u0130FE.mp3<\/li>\n                <\/ul><ul>\n                \t<li class=\"xtitle\">Almos<\/li>\n                    <li class=\"xauthor\">Selim Aksu<\/li>\n\t\t\t\t\t<li class=\"ximage\">http:\/\/www.selimaksu.com\/wp-content\/uploads\/2015\/05\/14-ALMAS.mp3<\/li>\n\t\t\t\t\t<li class=\"xcategory\">ALL CATEGORIES<\/li>\n                    <li class=\"xsources_mp3\">http:\/\/www.selimaksu.com\/wp-content\/uploads\/2015\/05\/14-ALMAS.mp3<\/li>\n                    <li class=\"xsources_ogg\">http:\/\/www.selimaksu.com\/wp-content\/uploads\/2015\/05\/14-ALMAS.mp3<\/li>\n                <\/ul><ul>\n                \t<li class=\"xtitle\">Do You Know<\/li>\n                    <li class=\"xauthor\">Selim Aksu<\/li>\n\t\t\t\t\t<li class=\"ximage\">http:\/\/www.selimaksu.com\/wp-content\/uploads\/2015\/05\/13-DO-YOU-KNOW.mp3<\/li>\n\t\t\t\t\t<li class=\"xcategory\">ALL CATEGORIES<\/li>\n                    <li class=\"xsources_mp3\">http:\/\/www.selimaksu.com\/wp-content\/uploads\/2015\/05\/13-DO-YOU-KNOW.mp3<\/li>\n                    <li class=\"xsources_ogg\">http:\/\/www.selimaksu.com\/wp-content\/uploads\/2015\/05\/13-DO-YOU-KNOW.mp3<\/li>\n                <\/ul><ul>\n                \t<li class=\"xtitle\">Adagio<\/li>\n                    <li class=\"xauthor\">Selim Aksu<\/li>\n\t\t\t\t\t<li class=\"ximage\">http:\/\/www.selimaksu.com\/wp-content\/uploads\/2015\/05\/12-ADAG\u0130O.mp3<\/li>\n\t\t\t\t\t<li class=\"xcategory\">ALL CATEGORIES<\/li>\n                    <li class=\"xsources_mp3\">http:\/\/www.selimaksu.com\/wp-content\/uploads\/2015\/05\/12-ADAG\u0130O.mp3<\/li>\n                    <li class=\"xsources_ogg\">http:\/\/www.selimaksu.com\/wp-content\/uploads\/2015\/05\/12-ADAG\u0130O.mp3<\/li>\n                <\/ul><ul>\n                \t<li class=\"xtitle\">G\u00f6z\u00fcn Ayd\u0131n<\/li>\n                    <li class=\"xauthor\">Selim Aksu<\/li>\n\t\t\t\t\t<li class=\"ximage\">http:\/\/www.selimaksu.com\/wp-content\/uploads\/2015\/05\/7gozunaydin.mp3<\/li>\n\t\t\t\t\t<li class=\"xcategory\">ALL CATEGORIES<\/li>\n                    <li class=\"xsources_mp3\">http:\/\/www.selimaksu.com\/wp-content\/uploads\/2015\/05\/7gozunaydin.mp3<\/li>\n                    <li class=\"xsources_ogg\">http:\/\/www.selimaksu.com\/wp-content\/uploads\/2015\/05\/7gozunaydin.mp3<\/li>\n                <\/ul><ul>\n                \t<li class=\"xtitle\">H\u00fcr Do\u011fdum<\/li>\n                    <li class=\"xauthor\">Selim Aksu<\/li>\n\t\t\t\t\t<li class=\"ximage\">http:\/\/www.selimaksu.com\/wp-content\/uploads\/2015\/05\/5hurdogdum.mp3<\/li>\n\t\t\t\t\t<li class=\"xcategory\">ALL CATEGORIES<\/li>\n                    <li class=\"xsources_mp3\">http:\/\/www.selimaksu.com\/wp-content\/uploads\/2015\/05\/5hurdogdum.mp3<\/li>\n                    <li class=\"xsources_ogg\">http:\/\/www.selimaksu.com\/wp-content\/uploads\/2015\/05\/5hurdogdum.mp3<\/li>\n                <\/ul><ul>\n                \t<li class=\"xtitle\">Ho\u015f G\u00f6r Sen<\/li>\n                    <li class=\"xauthor\">Selim Aksu<\/li>\n\t\t\t\t\t<li class=\"ximage\">http:\/\/www.selimaksu.com\/wp-content\/uploads\/2015\/05\/4hosgorsen.mp3<\/li>\n\t\t\t\t\t<li class=\"xcategory\">ALL CATEGORIES<\/li>\n                    <li class=\"xsources_mp3\">http:\/\/www.selimaksu.com\/wp-content\/uploads\/2015\/05\/4hosgorsen.mp3<\/li>\n                    <li class=\"xsources_ogg\">http:\/\/www.selimaksu.com\/wp-content\/uploads\/2015\/05\/4hosgorsen.mp3<\/li>\n                <\/ul><ul>\n                \t<li class=\"xtitle\">Tek Ba\u015f\u0131na<\/li>\n                    <li class=\"xauthor\">Selim Aksu<\/li>\n\t\t\t\t\t<li class=\"ximage\">http:\/\/www.selimaksu.com\/wp-content\/uploads\/2015\/05\/2tekbasina.mp3<\/li>\n\t\t\t\t\t<li class=\"xcategory\">ALL CATEGORIES<\/li>\n                    <li class=\"xsources_mp3\">http:\/\/www.selimaksu.com\/wp-content\/uploads\/2015\/05\/2tekbasina.mp3<\/li>\n                    <li class=\"xsources_ogg\">http:\/\/www.selimaksu.com\/wp-content\/uploads\/2015\/05\/2tekbasina.mp3<\/li>\n                <\/ul><ul>\n                \t<li class=\"xtitle\">Ben Var\u0131m<\/li>\n                    <li class=\"xauthor\">Selim aksu<\/li>\n\t\t\t\t\t<li class=\"ximage\">http:\/\/www.selimaksu.com\/wp-content\/uploads\/2015\/05\/1benvarim.mp3<\/li>\n\t\t\t\t\t<li class=\"xcategory\">ALL CATEGORIES<\/li>\n                    <li class=\"xsources_mp3\">http:\/\/www.selimaksu.com\/wp-content\/uploads\/2015\/05\/1benvarim.mp3<\/li>\n                    <li class=\"xsources_ogg\">http:\/\/www.selimaksu.com\/wp-content\/uploads\/2015\/05\/1benvarim.mp3<\/li>\n                <\/ul><\/div>\n              No HTML5 audio playback capabilities for this browser. Use <a href=\"https:\/\/www.google.com\/intl\/en\/chrome\/browser\/\">Chrome Browser!<\/a>    \n            <\/audio>     \n     <\/div>             \n\t<br style=\"clear:both;\"><\/div><\/p>\n","protected":false},"excerpt":{"rendered":"","protected":false},"author":1,"featured_media":0,"parent":0,"menu_order":0,"comment_status":"closed","ping_status":"closed","template":"","meta":[],"_links":{"self":[{"href":"http:\/\/www.selimaksu.com\/index.php?rest_route=\/wp\/v2\/pages\/577"}],"collection":[{"href":"http:\/\/www.selimaksu.com\/index.php?rest_route=\/wp\/v2\/pages"}],"about":[{"href":"http:\/\/www.selimaksu.com\/index.php?rest_route=\/wp\/v2\/types\/page"}],"author":[{"embeddable":true,"href":"http:\/\/www.selimaksu.com\/index.php?rest_route=\/wp\/v2\/users\/1"}],"replies":[{"embeddable":true,"href":"http:\/\/www.selimaksu.com\/index.php?rest_route=%2Fwp%2Fv2%2Fcomments&post=577"}],"version-history":[{"count":2,"href":"http:\/\/www.selimaksu.com\/index.php?rest_route=\/wp\/v2\/pages\/577\/revisions"}],"predecessor-version":[{"id":580,"href":"http:\/\/www.selimaksu.com\/index.php?rest_route=\/wp\/v2\/pages\/577\/revisions\/580"}],"wp:attachment":[{"href":"http:\/\/www.selimaksu.com\/index.php?rest_route=%2Fwp%2Fv2%2Fmedia&parent=577"}],"curies":[{"name":"wp","href":"https:\/\/api.w.org\/{rel}","templated":true}]}}